{"id":3064,"date":"2025-12-04T16:45:03","date_gmt":"2025-12-04T15:45:03","guid":{"rendered":"https:\/\/wordtest.puravariedad.com\/?page_id=3064"},"modified":"2025-12-04T16:45:04","modified_gmt":"2025-12-04T15:45:04","slug":"vamonos-juntas","status":"publish","type":"page","link":"https:\/\/wordtest.puravariedad.com\/?page_id=3064","title":{"rendered":"V\u00e1monos juntas"},"content":{"rendered":"\n<h3 class=\"wp-block-heading\">Ya tienes Mastodon y no sabes qu\u00e9 hacer?<\/h3>\n\n\n\n<div class=\"wp-block-columns is-layout-flex wp-container-core-columns-is-layout-9d6595d7 wp-block-columns-is-layout-flex\">\n<div class=\"wp-block-column is-layout-flow wp-block-column-is-layout-flow\" style=\"flex-basis:33.33%\">\n<figure class=\"wp-block-image\"><img decoding=\"async\" src=\"https:\/\/dev.vamonosjuntas.org\/wp-content\/uploads\/2025\/12\/plantita-confundida.png\" alt=\"\" class=\"wp-image-10\"\/><\/figure>\n<\/div>\n\n\n\n<div class=\"wp-block-column is-layout-flow wp-block-column-is-layout-flow\" style=\"flex-basis:66.66%\">\n<p>Si quieres recomendaciones de cuentas que seguir,&nbsp;<a href=\"https:\/\/vamonosjuntas.org\/following_accounts.csv\" target=\"_blank\" rel=\"noreferrer noopener\">puedes ver nuestro listado<\/a><\/p>\n\n\n\n<p>Para migrar tu comundad de Twitter a Mastodon,&nbsp;<a href=\"https:\/\/openportability.org\/es\/auth\/signin\" target=\"_blank\" rel=\"noreferrer noopener\">usa esta herramienta<\/a><\/p>\n\n\n\n<p>Si tienes dudas, b\u00fascanos en Mastodon: @vamonosjuntas@masto.es<\/p>\n<\/div>\n<\/div>\n\n\n\n<hr class=\"wp-block-separator has-alpha-channel-opacity\"\/>\n\n\n\n<h3 class=\"wp-block-heading\">Ent\u00e9rate de qu\u00e9 vamos a hacer<\/h3>\n\n\n\n<p>Esta campa\u00f1a no acaba aqu\u00ed: estamos preparando una acci\u00f3n colectiva y queremos organizar talleres y otras actividades para construir y cuidar la comunidad en torno al fediverso.<\/p>\n\n\n\n<p>Para suscribirte, env\u00eda un email a&nbsp;<a href=\"mailto:vamonosjuntas-subscribe@lists.riseup.net\">vamonosjuntas-subscribe@lists.riseup.net<\/a><\/p>\n","protected":false},"excerpt":{"rendered":"<p>Ya tienes Mastodon y no sabes qu\u00e9 hacer? Si quieres recomendaciones de cuentas que seguir,&nbsp;puedes ver nuestro listado Para migrar tu comundad de Twitter a Mastodon,&nbsp;usa esta herramienta Si tienes dudas, b\u00fascanos en Mastodon: @vamonosjuntas@masto.es Ent\u00e9rate de qu\u00e9 vamos a hacer Esta campa\u00f1a no acaba aqu\u00ed: estamos preparando una acci\u00f3n colectiva y queremos organizar talleres [&hellip;]<\/p>\n","protected":false},"author":1,"featured_media":0,"parent":0,"menu_order":0,"comment_status":"closed","ping_status":"closed","template":"page-home.php","meta":{"footnotes":""},"class_list":["post-3064","page","type-page","status-publish","hentry"],"_links":{"self":[{"href":"https:\/\/wordtest.puravariedad.com\/index.php?rest_route=\/wp\/v2\/pages\/3064","targetHints":{"allow":["GET"]}}],"collection":[{"href":"https:\/\/wordtest.puravariedad.com\/index.php?rest_route=\/wp\/v2\/pages"}],"about":[{"href":"https:\/\/wordtest.puravariedad.com\/index.php?rest_route=\/wp\/v2\/types\/page"}],"author":[{"embeddable":true,"href":"https:\/\/wordtest.puravariedad.com\/index.php?rest_route=\/wp\/v2\/users\/1"}],"replies":[{"embeddable":true,"href":"https:\/\/wordtest.puravariedad.com\/index.php?rest_route=%2Fwp%2Fv2%2Fcomments&post=3064"}],"version-history":[{"count":2,"href":"https:\/\/wordtest.puravariedad.com\/index.php?rest_route=\/wp\/v2\/pages\/3064\/revisions"}],"predecessor-version":[{"id":3066,"href":"https:\/\/wordtest.puravariedad.com\/index.php?rest_route=\/wp\/v2\/pages\/3064\/revisions\/3066"}],"wp:attachment":[{"href":"https:\/\/wordtest.puravariedad.com\/index.php?rest_route=%2Fwp%2Fv2%2Fmedia&parent=3064"}],"curies":[{"name":"wp","href":"https:\/\/api.w.org\/{rel}","templated":true}]}}